{"id":4336,"date":"2026-04-10T12:20:51","date_gmt":"2026-04-10T10:20:51","guid":{"rendered":"https:\/\/www.campingsurabaja.it\/erklarung-zur-barrierefreiheit\/"},"modified":"2026-04-10T12:56:07","modified_gmt":"2026-04-10T10:56:07","slug":"erklarung-zur-barrierefreiheit","status":"publish","type":"page","link":"https:\/\/www.campingsurabaja.it\/de\/erklarung-zur-barrierefreiheit\/","title":{"rendered":"Erkl\u00e4rung zur Barrierefreiheit"},"content":{"rendered":"\t\t<div data-elementor-type=\"wp-page\" data-elementor-id=\"4336\" class=\"elementor elementor-4336 elementor-4324\" data-elementor-post-type=\"page\">\n\t\t\t\t<div class=\"elementor-element elementor-element-29ba71a e-flex e-con-boxed e-con e-parent\" data-id=\"29ba71a\" data-element_type=\"container\" data-e-type=\"container\">\n\t\t\t\t\t<div class=\"e-con-inner\">\n\t\t\t\t<div class=\"elementor-element elementor-element-8889c8e elementor-widget elementor-widget-text-editor\" data-id=\"8889c8e\" data-element_type=\"widget\" data-e-type=\"widget\" data-widget_type=\"text-editor.default\">\n\t\t\t\t<div class=\"elementor-widget-container\">\n\t\t\t\t\t\t\t\t\t<p><strong>Website:<\/strong> <a href=\"https:\/\/www.campingsurabaja.it\/de\/\">https:\/\/www.campingsurabaja.it\/<\/a><\/p>\n<p><\/p>\n<p><strong>Verantwortlich f\u00fcr die Ver\u00f6ffentlichung:<\/strong> FUN S.I.L. s.a.s. di Simona di Fabio &amp; C<\/p>\n<p><\/p>\n<p><strong>Datum der Erkl\u00e4rung:<\/strong> 09.04.2026<\/p>\n<h3><strong>Engagement f\u00fcr Barrierefreiheit<\/strong><\/h3>\n<p>FUN S.I.L. s.a.s. di Simona di Fabio &amp; C verpflichtet sich, die Barrierefreiheit ihrer Website f\u00fcr alle Nutzer zu gew\u00e4hrleisten, unabh\u00e4ngig von deren F\u00e4higkeiten oder Behinderungen. Wir halten es f\u00fcr wesentlich, ein inklusives digitales Erlebnis zu bieten, das allen den Zugang zu den bereitgestellten Informationen und Dienstleistungen erm\u00f6glicht.<\/p>\n<h3><strong>Standards der Barrierefreiheit<\/strong><\/h3>\n<p>Das Unternehmen hat sich zum Ziel gesetzt, die Konformit\u00e4t der Website mit den <strong>Web Content Accessibility Guidelines (WCAG) 2.1 \u2013 Stufe AA<\/strong> sicherzustellen, durch schrittweise und fortlaufende Verbesserungen auf der Grundlage der vier Grundprinzipien:<\/p>\n<ul>\n<li><strong>Wahrnehmbar<\/strong>: Informationen und Benutzeroberfl\u00e4chen\u00adkomponenten m\u00fcssen den Nutzern so pr\u00e4sentiert werden, dass sie diese wahrnehmen k\u00f6nnen.<\/li>\n<li><strong>Bedienbar<\/strong>: Benutzeroberfl\u00e4chen\u00adkomponenten und Navigation m\u00fcssen bedienbar sein.<\/li>\n<li><strong>Verst\u00e4ndlich<\/strong>: Informationen und die Bedienung der Benutzeroberfl\u00e4che m\u00fcssen verst\u00e4ndlich sein.<\/li>\n<li><strong>Robust<\/strong>: Inhalte m\u00fcssen robust genug sein, um von einer Vielzahl von Benutzeragenten, einschlie\u00dflich assistiver Technologien, zuverl\u00e4ssig interpretiert werden zu k\u00f6nnen.<\/li>\n<\/ul>\n<h3><strong>Implementierte assistive Technologien<\/strong><\/h3>\n<p>Um die Barrierefreiheit der Website zu verbessern, wurde ein Widget installiert, das es den Nutzern erm\u00f6glicht, die Benutzeroberfl\u00e4che nach ihren Bed\u00fcrfnissen anzupassen und so die Navigation und Interaktion mit den Inhalten zu erleichtern.<\/p>\n<h3><strong>Status der Barrierefreiheit<\/strong><\/h3>\n<p>Diese Website entspricht teilweise den Anforderungen an die Barrierefreiheit gem\u00e4\u00df dem <strong>italienischen Gesetzesdekret Nr. 106 vom 10. August 2018<\/strong>, das die <strong>Richtlinie (EU) 2016\/2102<\/strong> umsetzt, und passt sich schrittweise an die Anforderungen der <strong>Richtlinie (EU) 2019\/882 \u2013 European Accessibility Act (EAA)<\/strong> an. Technische und redaktionelle Ma\u00dfnahmen zur Gew\u00e4hrleistung der vollst\u00e4ndigen Konformit\u00e4t mit den <strong>WCAG 2.1, Stufe AA<\/strong>, sind im Gange.<\/p>\n<h3><strong>Zeitplan und Verpflichtungen<\/strong><\/h3>\n<ul>\n<li>Das letzte <strong>technische Audit<\/strong> wurde am 09.04.2026 durchgef\u00fchrt, wobei die wichtigsten kritischen Punkte identifiziert wurden <a href=\"https:\/\/www.campingsurabaja.it\/eaa\/campingsurabaja.it\/\">https:\/\/www.campingsurabaja.it\/eaa\/campingsurabaja.it\/<\/a><\/li>\n<li>Ein <strong>Anpassungsplan<\/strong> wurde eingeleitet, wobei den kritischsten Ma\u00dfnahmen Priorit\u00e4t einger\u00e4umt wurde.<\/li>\n<li>Die <strong>vollst\u00e4ndige Erkl\u00e4rung<\/strong> wird gem\u00e4\u00df den geltenden Rechtsvorschriften mindestens einmal j\u00e4hrlich oder bei der Ver\u00f6ffentlichung wesentlich ge\u00e4nderter Versionen der Website aktualisiert.<\/li>\n<\/ul>\n<h3><strong>Derzeit nicht barrierefreie Inhalte<\/strong><\/h3>\n<p>Bis zum Abschluss der Anpassung k\u00f6nnen einige Bereiche oder Funktionen der Website teilweise nicht barrierefrei sein, insbesondere:<\/p>\n<ul>\n<li>Nicht korrekt strukturierte PDF-Inhalte<\/li>\n<li>Formulare ohne korrekte semantische Beschriftungen<\/li>\n<li>Grafische Elemente ohne alternative Beschreibungen<\/li>\n<\/ul>\n<h3><strong>Meldeverfahren<\/strong><\/h3>\n<p>Wir freuen uns \u00fcber R\u00fcckmeldungen der Nutzer zur Verbesserung der Barrierefreiheit der Website. Wenn Sie Schwierigkeiten feststellen oder Vorschl\u00e4ge haben, kontaktieren Sie uns bitte:<\/p>\n<ul>\n<li>E-Mail: info@campingsurabaja.it<\/li>\n<li>Kontaktformular: <a href=\"https:\/\/www.campingsurabaja.it\/de\/anfrage\/\">https:\/\/www.campingsurabaja.it\/richiedi-disponibilita-camper\/<\/a><\/li>\n<li>Telefon: +39 085 893 3188\u200b<\/li>\n<\/ul>\n<p>Jede Meldung wird innerhalb von 30 Tagen bewertet und, soweit m\u00f6glich, wird eine Antwort oder eine barrierefreie alternative L\u00f6sung bereitgestellt.<\/p>\n<h3><strong>Rechtsgrundlage<\/strong><\/h3>\n<p>Diese Erkl\u00e4rung wurde auf der Grundlage des Mustererkl\u00e4rungs\u00admodells gem\u00e4\u00df dem Durchf\u00fchrungs\u00adbeschluss (EU) 2018\/1523 der Europ\u00e4ischen Kommission und im Einklang mit den Leitlinien der AGID \u2013 Agenzia per l&#8217;Italia Digitale (Italienische Digitalagentur) erstellt.<\/p>\n<ul>\n<li>Beschluss 2018\/1523 (PDF): <a href=\"https:\/\/eur-lex.europa.eu\/legal-content\/IT\/TXT\/PDF\/?uri=CELEX:32018D1523&amp;from=IT\" target=\"_blank\" rel=\"noopener\">https:\/\/eur-lex.europa.eu\/legal-content\/IT\/TXT\/PDF\/?uri=CELEX:32018D1523&amp;from=IT<\/a><\/li>\n<li>AGID-Leitlinien: <a href=\"https:\/\/www.agid.gov.it\/it\/design-servizi\/accessibilita\" target=\"_blank\" rel=\"noopener\">https:\/\/www.agid.gov.it\/it\/design-servizi\/accessibilita<\/a><\/li>\n<\/ul>\n\t\t\t\t\t\t\t\t<\/div>\n\t\t\t\t<\/div>\n\t\t\t\t\t<\/div>\n\t\t\t\t<\/div>\n\t\t\t\t<\/div>\n\t\t","protected":false},"excerpt":{"rendered":"<p>Website: https:\/\/www.campingsurabaja.it\/ Verantwortlich f\u00fcr die Ver\u00f6ffentlichung: FUN S.I.L. s.a.s. di Simona di Fabio &amp; C Datum der Erkl\u00e4rung: 09.04.2026 Engagement f\u00fcr Barrierefreiheit FUN S.I.L. s.a.s. di Simona di Fabio &amp; C verpflichtet sich, die Barrierefreiheit ihrer Website f\u00fcr alle Nutzer zu gew\u00e4hrleisten, unabh\u00e4ngig von deren F\u00e4higkeiten oder Behinderungen. Wir halten es f\u00fcr wesentlich, ein inklusives [&hellip;]<\/p>\n","protected":false},"author":1,"featured_media":0,"parent":0,"menu_order":0,"comment_status":"closed","ping_status":"closed","template":"","meta":{"footnotes":""},"class_list":["post-4336","page","type-page","status-publish","hentry"],"_links":{"self":[{"href":"https:\/\/www.campingsurabaja.it\/de\/wp-json\/wp\/v2\/pages\/4336","targetHints":{"allow":["GET"]}}],"collection":[{"href":"https:\/\/www.campingsurabaja.it\/de\/wp-json\/wp\/v2\/pages"}],"about":[{"href":"https:\/\/www.campingsurabaja.it\/de\/wp-json\/wp\/v2\/types\/page"}],"author":[{"embeddable":true,"href":"https:\/\/www.campingsurabaja.it\/de\/wp-json\/wp\/v2\/users\/1"}],"replies":[{"embeddable":true,"href":"https:\/\/www.campingsurabaja.it\/de\/wp-json\/wp\/v2\/comments?post=4336"}],"version-history":[{"count":3,"href":"https:\/\/www.campingsurabaja.it\/de\/wp-json\/wp\/v2\/pages\/4336\/revisions"}],"predecessor-version":[{"id":4339,"href":"https:\/\/www.campingsurabaja.it\/de\/wp-json\/wp\/v2\/pages\/4336\/revisions\/4339"}],"wp:attachment":[{"href":"https:\/\/www.campingsurabaja.it\/de\/wp-json\/wp\/v2\/media?parent=4336"}],"curies":[{"name":"wp","href":"https:\/\/api.w.org\/{rel}","templated":true}]}}