{"id":3052,"date":"2025-05-27T16:42:35","date_gmt":"2025-05-27T14:42:35","guid":{"rendered":"https:\/\/www.campingsurabaja.it\/abfahrt-anreisebeschreibung\/"},"modified":"2026-02-21T10:54:42","modified_gmt":"2026-02-21T09:54:42","slug":"abfahrt-anreisebeschreibung","status":"publish","type":"page","link":"https:\/\/www.campingsurabaja.it\/de\/abfahrt-anreisebeschreibung\/","title":{"rendered":"Abfahrt"},"content":{"rendered":"\t\t<div data-elementor-type=\"wp-page\" data-elementor-id=\"3052\" class=\"elementor elementor-3052 elementor-203\" data-elementor-post-type=\"page\">\n\t\t\t\t<div class=\"elementor-element elementor-element-5863666 e-flex e-con-boxed e-con e-parent\" data-id=\"5863666\" data-element_type=\"container\" data-e-type=\"container\">\n\t\t\t\t\t<div class=\"e-con-inner\">\n\t\t\t\t<div class=\"elementor-element elementor-element-94a1a24 elementor-widget elementor-widget-heading\" data-id=\"94a1a24\" data-element_type=\"widget\" data-e-type=\"widget\" data-widget_type=\"heading.default\">\n\t\t\t\t<div class=\"elementor-widget-container\">\n\t\t\t\t\t<span class=\"elementor-heading-title elementor-size-large\">UM UNS PROBLEMLOS ZU ERREICHEN<\/span>\t\t\t\t<\/div>\n\t\t\t\t<\/div>\n\t\t\t\t<div class=\"elementor-element elementor-element-a20ce97 elementor-widget__width-initial elementor-widget elementor-widget-text-editor\" data-id=\"a20ce97\" data-element_type=\"widget\" data-e-type=\"widget\" data-widget_type=\"text-editor.default\">\n\t\t\t\t<div class=\"elementor-widget-container\">\n\t\t\t\t\t\t\t\t\t<p style=\"text-align: center;\">Unsere Campingplatz befindet sich in <strong>Roseto degli Abruzzi<\/strong>\u00a0(TE) Abruzzen!<br \/>\nDirekt an der Adria gelegen, der ideale Ort f\u00fcr Ihren Urlaub!<\/p>\n<p><strong>\u26a0\ufe0fWICHTIGER HINWEIS:\u26a0\ufe0f<\/strong><br \/>\n<strong>Einige Navigationsger\u00e4te und Google Maps schlagen<\/strong> eine Route durch die H\u00fcgel vor, da diese als k\u00fcrzester Weg markiert ist \u2013 <strong data-start=\"259\" data-end=\"280\">bitte ignorieren!<\/strong><br data-start=\"280\" data-end=\"283\" \/>Die angegebene Stra\u00dfe durch die H\u00fcgel ist zwar k\u00fcrzer, aber<strong data-start=\"338\" data-end=\"374\"> sehr schmal und kurvenreich<\/strong>, daher<br \/>\n<strong data-start=\"382\" data-end=\"430\">NICHT geeignet f\u00fcr Wohnmobile oder Wohnwagen!\u00a0<\/strong><\/p>\n\t\t\t\t\t\t\t\t<\/div>\n\t\t\t\t<\/div>\n\t\t\t\t\t<\/div>\n\t\t\t\t<\/div>\n\t\t<div class=\"elementor-element elementor-element-c35e8d6 e-flex e-con-boxed e-con e-parent\" data-id=\"c35e8d6\" data-element_type=\"container\" data-e-type=\"container\">\n\t\t\t\t\t<div class=\"e-con-inner\">\n\t\t<div class=\"elementor-element elementor-element-918dcd3 e-con-full e-flex e-con e-child\" data-id=\"918dcd3\" data-element_type=\"container\" data-e-type=\"container\">\n\t\t\t\t<div class=\"elementor-element elementor-element-527e920 elementor-widget elementor-widget-heading\" data-id=\"527e920\" data-element_type=\"widget\" data-e-type=\"widget\" data-widget_type=\"heading.default\">\n\t\t\t\t<div class=\"elementor-widget-container\">\n\t\t\t\t\t<span class=\"elementor-heading-title elementor-size-large\">Route f\u00fcr WoMo und WoWa..<\/span>\t\t\t\t<\/div>\n\t\t\t\t<\/div>\n\t\t\t\t<div class=\"elementor-element elementor-element-256f0bc elementor-widget elementor-widget-heading\" data-id=\"256f0bc\" data-element_type=\"widget\" data-e-type=\"widget\" data-widget_type=\"heading.default\">\n\t\t\t\t<div class=\"elementor-widget-container\">\n\t\t\t\t\t<h2 class=\"elementor-heading-title elementor-size-xl\">mit geeigneten Unterf\u00fchrungen<\/h2>\t\t\t\t<\/div>\n\t\t\t\t<\/div>\n\t\t\t\t<div class=\"elementor-element elementor-element-410ccc6 elementor-widget elementor-widget-text-editor\" data-id=\"410ccc6\" data-element_type=\"widget\" data-e-type=\"widget\" data-widget_type=\"text-editor.default\">\n\t\t\t\t<div class=\"elementor-widget-container\">\n\t\t\t\t\t\t\t\t\t<p style=\"text-align: center;\"><strong>Ab der Autobahnausfahrt &#8211; Roseto degli Abruzzi &#8211;<\/strong><br \/>\nbis zum Camping Surabaja La Playa &#8211; <strong>ca. 10 km<\/strong>&#8211;<\/p>\n<ul>\n<li style=\"text-align: left;\" data-start=\"212\" data-end=\"331\">Route mit der Unterf\u00fchrung in der <strong data-start=\"365\" data-end=\"383\">Via Marco Polo<\/strong> (H\u00f6he <strong>5 m.<\/strong>). Diese befindet sich\u00a0<strong>im s\u00fcdlichen Teil von Roseto degli Abruzzi<\/strong>. Fahren Sie anschlie\u00dfend entlang der Strandpromenade (Lungomare Trieste\/Lungomare Trento) in Richtung Norden, um den CP zu erreichen.\n<p style=\"text-align: center;\"><em><strong>Hinweis\u00a0<\/strong><span style=\"color: #ff0000;\">donnerstags:<\/span><\/em><br \/>\n<em>findet der traditionelle Wochenmarkt statt. Die zentrale Strandpromenade ist bis 14:00 Uhr f\u00fcr den Verkehr gesperrt.\u00a0<\/em><\/p>\n<\/li>\n<li style=\"text-align: left;\" data-start=\"212\" data-end=\"331\">Alternativ oder <strong>an Markttagen,<\/strong> k\u00f6nnen Sie die Unterf\u00fchrung\u00a0 in der <strong data-start=\"242\" data-end=\"256\">Via Emilia<\/strong> (H\u00f6he <strong>3,40\u202fm<\/strong>) benutzen, diese befindet sich auf den SS16 in der <strong data-start=\"299\" data-end=\"328\">Mitte <\/strong>von Roseto degli Abruzzi.<\/li>\n<\/ul>\n<p>&nbsp;<\/p>\n\t\t\t\t\t\t\t\t<\/div>\n\t\t\t\t<\/div>\n\t\t\t\t<\/div>\n\t\t<div class=\"elementor-element elementor-element-f765d9c e-con-full e-flex e-con e-child\" data-id=\"f765d9c\" data-element_type=\"container\" data-e-type=\"container\">\n\t\t\t\t<div class=\"elementor-element elementor-element-fd9964d elementor-widget elementor-widget-image\" data-id=\"fd9964d\" data-element_type=\"widget\" data-e-type=\"widget\" data-widget_type=\"image.default\">\n\t\t\t\t<div class=\"elementor-widget-container\">\n\t\t\t\t\t\t\t\t\t\t\t\t\t\t\t<img fetchpriority=\"high\" decoding=\"async\" width=\"800\" height=\"534\" src=\"https:\/\/www.campingsurabaja.it\/wp-content\/uploads\/2026\/02\/correzioni-1024x683.png\" class=\"attachment-large size-large wp-image-3622\" alt=\"\" srcset=\"https:\/\/www.campingsurabaja.it\/wp-content\/uploads\/2026\/02\/correzioni-1024x683.png 1024w, https:\/\/www.campingsurabaja.it\/wp-content\/uploads\/2026\/02\/correzioni-300x200.png 300w, https:\/\/www.campingsurabaja.it\/wp-content\/uploads\/2026\/02\/correzioni-768x512.png 768w, https:\/\/www.campingsurabaja.it\/wp-content\/uploads\/2026\/02\/correzioni.png 1200w\" sizes=\"(max-width: 800px) 100vw, 800px\" \/>\t\t\t\t\t\t\t\t\t\t\t\t\t\t\t<\/div>\n\t\t\t\t<\/div>\n\t\t\t\t<\/div>\n\t\t\t\t\t<\/div>\n\t\t\t\t<\/div>\n\t\t<div class=\"elementor-element elementor-element-5bfa812 e-flex e-con-boxed e-con e-parent\" data-id=\"5bfa812\" data-element_type=\"container\" data-e-type=\"container\">\n\t\t\t\t\t<div class=\"e-con-inner\">\n\t\t<div class=\"elementor-element elementor-element-983bb01 e-con-full e-flex e-con e-child\" data-id=\"983bb01\" data-element_type=\"container\" data-e-type=\"container\">\n\t\t\t\t<div class=\"elementor-element elementor-element-931ff76 elementor-widget elementor-widget-text-editor\" data-id=\"931ff76\" data-element_type=\"widget\" data-e-type=\"widget\" data-widget_type=\"text-editor.default\">\n\t\t\t\t<div class=\"elementor-widget-container\">\n\t\t\t\t\t\t\t\t\t<p style=\"text-align: center;\" data-start=\"92\" data-end=\"208\"><strong>Ab der Autobahnausfahrt &#8211; Mosciano S. Angelo<\/strong>\u00a0<strong>Giulianova &#8211;<\/strong><br \/>\nbis zum Camping Surabaja La Playa &#8211; ca. 13 km &#8211;<\/p>\n<ul data-start=\"210\" data-end=\"589\">\n<li data-start=\"210\" data-end=\"331\">\n<p style=\"text-align: left;\" data-start=\"212\" data-end=\"331\">Route mit Unterf\u00fchrung in der <strong data-start=\"242\" data-end=\"256\">Via Emilia<\/strong> (H\u00f6he <strong>3,40\u202fm<\/strong>), diese befindet sich auf den SS16 in der Mitte von<strong data-start=\"299\" data-end=\"328\">\u00a0Roseto degli Abruzzi<\/strong>.<\/p>\n<\/li>\n<li data-start=\"332\" data-end=\"589\">\n<p style=\"text-align: left;\" data-start=\"334\" data-end=\"589\">Route mit der Unterf\u00fchrung in der <strong data-start=\"365\" data-end=\"383\">Via Marco Polo<\/strong> (H\u00f6he <strong>5 m.<\/strong>). Diese befindet sich <strong>im s\u00fcdlichen Teil von Roseto degli Abruzzi<\/strong>. Fahren Sie anschlie\u00dfend entlang der Strandpromenade (Lungomare Trieste \/Lungomare Trento) in Richtung Norden, um den CP zu erreichen.<\/p>\n<\/li>\n<\/ul>\n<p><\/p>\n<p style=\"text-align: center;\"><em><strong>Hinweis:<\/strong> <\/em><span style=\"color: #ff0000;\"><em>donnerstags:<\/em><br \/>\n<\/span> <em>findet der traditionelle Wochenmarkt statt. Die zentrale Strandpromenade ist bis 14:00 Uhr f\u00fcr den Verkehr gesperrt. Bitte benutzen Sie die Unterf\u00fchrung in der Via Emilia (H\u00f6he 3,40 m).<\/em><\/p>\n\t\t\t\t\t\t\t\t<\/div>\n\t\t\t\t<\/div>\n\t\t\t\t<\/div>\n\t\t<div class=\"elementor-element elementor-element-719f139 e-con-full e-flex e-con e-child\" data-id=\"719f139\" data-element_type=\"container\" data-e-type=\"container\">\n\t\t\t\t<div class=\"elementor-element elementor-element-5d23c82 elementor-widget elementor-widget-image\" data-id=\"5d23c82\" data-element_type=\"widget\" data-e-type=\"widget\" data-widget_type=\"image.default\">\n\t\t\t\t<div class=\"elementor-widget-container\">\n\t\t\t\t\t\t\t\t\t\t\t\t\t\t\t<img decoding=\"async\" width=\"800\" height=\"534\" src=\"https:\/\/www.campingsurabaja.it\/wp-content\/uploads\/2026\/02\/IMG2_2-1024x683.png\" class=\"attachment-large size-large wp-image-3679\" alt=\"\" srcset=\"https:\/\/www.campingsurabaja.it\/wp-content\/uploads\/2026\/02\/IMG2_2-1024x683.png 1024w, https:\/\/www.campingsurabaja.it\/wp-content\/uploads\/2026\/02\/IMG2_2-300x200.png 300w, https:\/\/www.campingsurabaja.it\/wp-content\/uploads\/2026\/02\/IMG2_2-768x512.png 768w, https:\/\/www.campingsurabaja.it\/wp-content\/uploads\/2026\/02\/IMG2_2.png 1200w\" sizes=\"(max-width: 800px) 100vw, 800px\" \/>\t\t\t\t\t\t\t\t\t\t\t\t\t\t\t<\/div>\n\t\t\t\t<\/div>\n\t\t\t\t<\/div>\n\t\t\t\t\t<\/div>\n\t\t\t\t<\/div>\n\t\t<div class=\"elementor-element elementor-element-bbc9485 e-flex e-con-boxed e-con e-parent\" data-id=\"bbc9485\" data-element_type=\"container\" data-e-type=\"container\">\n\t\t\t\t\t<div class=\"e-con-inner\">\n\t\t\t\t<div class=\"elementor-element elementor-element-cbe90eb elementor-widget elementor-widget-heading\" data-id=\"cbe90eb\" data-element_type=\"widget\" data-e-type=\"widget\" data-widget_type=\"heading.default\">\n\t\t\t\t<div class=\"elementor-widget-container\">\n\t\t\t\t\t<span class=\"elementor-heading-title elementor-size-large\"><a href=\"https:\/\/www.campingsurabaja.it\/wp-content\/uploads\/2026\/02\/DE-Anfahrtsroute-zum-Ausdrucken.pdf\" target=\"_blank\"><b>ANFAHRTSROUTE ZUM AUSDRUCKEN<\/b><\/a><\/span>\t\t\t\t<\/div>\n\t\t\t\t<\/div>\n\t\t\t\t<div class=\"elementor-element elementor-element-1d39dbe elementor-widget elementor-widget-text-editor\" data-id=\"1d39dbe\" data-element_type=\"widget\" data-e-type=\"widget\" data-widget_type=\"text-editor.default\">\n\t\t\t\t<div class=\"elementor-widget-container\">\n\t\t\t\t\t\t\t\t\t<h3 style=\"text-align: center;\" data-start=\"409\" data-end=\"674\"><span style=\"color: #00b0d8;\"><strong data-start=\"0\" data-end=\"23\" data-is-only-node=\"\">MIT DEM FLUGZEUG<\/strong><\/span><\/h3>\n<p><\/p>\n<p style=\"text-align: center;\" data-start=\"409\" data-end=\"674\"><em>Flughafen Pescara<\/em> \u2013 50 km, <em>Flughafen Ancona<\/em> \u2013 100 km,<br \/>\n<em>Flugh\u00e4fen Rom<\/em> (Fiumicino \u2013 220 km, Ciampino \u2013 190 km).<br data-start=\"517\" data-end=\"520\" \/>Von den Flugh\u00e4fen Ciampino und Fiumicino nehmen Sie den Bus zum Bahnhof Roseto degli Abruzzi.<br \/>\nInformationen und Tickets f\u00fcr den Shuttlebus: <strong><a href=\"https:\/\/www.gasparionline.it\/linee-cittadine\/\" target=\"_blank\" rel=\"noopener\">Gaspari Bus.<\/a><\/strong><\/p>\n<h3 style=\"text-align: center;\" data-start=\"409\" data-end=\"674\"><span style=\"color: #00b0d8;\"><strong data-start=\"0\" data-end=\"23\" data-is-only-node=\"\">MIT DEM ZUG + TAXI<\/strong><\/span><\/h3>\n<p><\/p>\n<p class=\"elementor-icon-box-title\" style=\"text-align: center;\"><strong>Bahnhof Roseto degli Abruzzi<\/strong> (ca. 3 km vom Campingplatz entfernt).<br \/>\n<em>Informationen und Ticketkauf:<\/em> <strong><a href=\"https:\/\/www.thetrainline.com\/it\" target=\"_blank\" rel=\"noopener\">Trainline<\/a><\/strong> sowie <strong>Taxi<\/strong> unter +39 328 6779859 \/ +39 327 7491830.<\/p>\n\t\t\t\t\t\t\t\t<\/div>\n\t\t\t\t<\/div>\n\t\t\t\t\t<\/div>\n\t\t\t\t<\/div>\n\t\t\t\t<\/div>\n\t\t","protected":false},"excerpt":{"rendered":"<p>UM UNS PROBLEMLOS ZU ERREICHEN Unsere Campingplatz befindet sich in Roseto degli Abruzzi\u00a0(TE) Abruzzen! Direkt an der Adria gelegen, der ideale Ort f\u00fcr Ihren Urlaub! \u26a0\ufe0fWICHTIGER HINWEIS:\u26a0\ufe0f Einige Navigationsger\u00e4te und Google Maps schlagen eine Route durch die H\u00fcgel vor, da diese als k\u00fcrzester Weg markiert ist \u2013 bitte ignorieren!Die angegebene Stra\u00dfe durch die H\u00fcgel ist [&hellip;]<\/p>\n","protected":false},"author":1,"featured_media":0,"parent":0,"menu_order":0,"comment_status":"closed","ping_status":"closed","template":"","meta":{"footnotes":""},"class_list":["post-3052","page","type-page","status-publish","hentry"],"_links":{"self":[{"href":"https:\/\/www.campingsurabaja.it\/de\/wp-json\/wp\/v2\/pages\/3052","targetHints":{"allow":["GET"]}}],"collection":[{"href":"https:\/\/www.campingsurabaja.it\/de\/wp-json\/wp\/v2\/pages"}],"about":[{"href":"https:\/\/www.campingsurabaja.it\/de\/wp-json\/wp\/v2\/types\/page"}],"author":[{"embeddable":true,"href":"https:\/\/www.campingsurabaja.it\/de\/wp-json\/wp\/v2\/users\/1"}],"replies":[{"embeddable":true,"href":"https:\/\/www.campingsurabaja.it\/de\/wp-json\/wp\/v2\/comments?post=3052"}],"version-history":[{"count":173,"href":"https:\/\/www.campingsurabaja.it\/de\/wp-json\/wp\/v2\/pages\/3052\/revisions"}],"predecessor-version":[{"id":3811,"href":"https:\/\/www.campingsurabaja.it\/de\/wp-json\/wp\/v2\/pages\/3052\/revisions\/3811"}],"wp:attachment":[{"href":"https:\/\/www.campingsurabaja.it\/de\/wp-json\/wp\/v2\/media?parent=3052"}],"curies":[{"name":"wp","href":"https:\/\/api.w.org\/{rel}","templated":true}]}}